{"id":21,"date":"2017-08-08T09:19:52","date_gmt":"2017-08-08T07:19:52","guid":{"rendered":"http:\/\/gruppovigano.rigagialla.it\/?page_id=21"},"modified":"2018-07-20T17:39:33","modified_gmt":"2018-07-20T15:39:33","slug":"contatti","status":"publish","type":"page","link":"http:\/\/www.gruppovigano.com\/?page_id=21","title":{"rendered":"Contatti"},"content":{"rendered":"<h3>Vigan\u00f2 Tutto Cantiere di Vigan\u00f2 Camillo Snc<\/h3>\n<p>Via degli Artigiani, 13 \u2013 23880<br \/>\nCasatenovo (LC)<br \/>\nTel. 039.9961115<br \/>\nFax 039.9282719<\/p>\n<p><strong><a href=\"mailto:info@viganotuttocantiere.com\">info@viganotuttocantiere.com<\/a><\/strong><\/p>\n<p>cap.soc. \u20ac 60.000,00 i.v.<br \/>\nc.f. e p.i. 02790960138<br \/>\nREA Lc 298417<\/p>\n","protected":false},"excerpt":{"rendered":"<p>Vigan\u00f2 Tutto Cantiere di Vigan\u00f2 Camillo Snc Via degli Artigiani, 13 \u2013 23880 Casatenovo (LC) Tel. 039.9961115 Fax 039.9282719 info@viganotuttocantiere.com cap.soc. \u20ac 60.000,00 i.v. c.f. e p.i. 02790960138 REA Lc 298417<\/p>\n","protected":false},"author":1,"featured_media":0,"parent":0,"menu_order":0,"comment_status":"closed","ping_status":"closed","template":"","meta":{"_mi_skip_tracking":false},"yoast_head":"<!-- This site is optimized with the Yoast SEO plugin v19.13 - https:\/\/yoast.com\/wordpress\/plugins\/seo\/ -->\n<title>Contatti - Gruppo Vigan\u00f2<\/title>\n<meta name=\"robots\" content=\"noindex, follow, max-snippet:-1, max-image-preview:large, max-video-preview:-1\" \/>\n<meta property=\"og:locale\" content=\"it_IT\" \/>\n<meta property=\"og:type\" content=\"article\" \/>\n<meta property=\"og:title\" content=\"Contatti - Gruppo Vigan\u00f2\" \/>\n<meta property=\"og:description\" content=\"Vigan\u00f2 Tutto Cantiere di Vigan\u00f2 Camillo Snc Via degli Artigiani, 13 \u2013 23880 Casatenovo (LC) Tel. 039.9961115 Fax 039.9282719 info@viganotuttocantiere.com cap.soc. \u20ac 60.000,00 i.v. c.f. e p.i. 02790960138 REA Lc 298417\" \/>\n<meta property=\"og:url\" content=\"http:\/\/www.gruppovigano.com\/?page_id=21\" \/>\n<meta property=\"og:site_name\" content=\"Gruppo Vigan\u00f2\" \/>\n<meta property=\"article:modified_time\" content=\"2018-07-20T15:39:33+00:00\" \/>\n<meta name=\"twitter:card\" content=\"summary_large_image\" \/>\n<script type=\"application\/ld+json\" class=\"yoast-schema-graph\">{\"@context\":\"https:\/\/schema.org\",\"@graph\":[{\"@type\":\"WebPage\",\"@id\":\"http:\/\/www.gruppovigano.com\/?page_id=21\",\"url\":\"http:\/\/www.gruppovigano.com\/?page_id=21\",\"name\":\"Contatti - Gruppo Vigan\u00f2\",\"isPartOf\":{\"@id\":\"http:\/\/www.gruppovigano.com\/#website\"},\"datePublished\":\"2017-08-08T07:19:52+00:00\",\"dateModified\":\"2018-07-20T15:39:33+00:00\",\"breadcrumb\":{\"@id\":\"http:\/\/www.gruppovigano.com\/?page_id=21#breadcrumb\"},\"inLanguage\":\"it-IT\",\"potentialAction\":[{\"@type\":\"ReadAction\",\"target\":[\"http:\/\/www.gruppovigano.com\/?page_id=21\"]}]},{\"@type\":\"BreadcrumbList\",\"@id\":\"http:\/\/www.gruppovigano.com\/?page_id=21#breadcrumb\",\"itemListElement\":[{\"@type\":\"ListItem\",\"position\":1,\"name\":\"Home\",\"item\":\"http:\/\/www.gruppovigano.com\/\"},{\"@type\":\"ListItem\",\"position\":2,\"name\":\"Contatti\"}]},{\"@type\":\"WebSite\",\"@id\":\"http:\/\/www.gruppovigano.com\/#website\",\"url\":\"http:\/\/www.gruppovigano.com\/\",\"name\":\"Gruppo Vigan\u00f2\",\"description\":\"\",\"potentialAction\":[{\"@type\":\"SearchAction\",\"target\":{\"@type\":\"EntryPoint\",\"urlTemplate\":\"http:\/\/www.gruppovigano.com\/?s={search_term_string}\"},\"query-input\":\"required name=search_term_string\"}],\"inLanguage\":\"it-IT\"}]}<\/script>\n<!-- \/ Yoast SEO plugin. -->","yoast_head_json":{"title":"Contatti - Gruppo Vigan\u00f2","robots":{"index":"noindex","follow":"follow","max-snippet":"max-snippet:-1","max-image-preview":"max-image-preview:large","max-video-preview":"max-video-preview:-1"},"og_locale":"it_IT","og_type":"article","og_title":"Contatti - Gruppo Vigan\u00f2","og_description":"Vigan\u00f2 Tutto Cantiere di Vigan\u00f2 Camillo Snc Via degli Artigiani, 13 \u2013 23880 Casatenovo (LC) Tel. 039.9961115 Fax 039.9282719 info@viganotuttocantiere.com cap.soc. \u20ac 60.000,00 i.v. c.f. e p.i. 02790960138 REA Lc 298417","og_url":"http:\/\/www.gruppovigano.com\/?page_id=21","og_site_name":"Gruppo Vigan\u00f2","article_modified_time":"2018-07-20T15:39:33+00:00","twitter_card":"summary_large_image","schema":{"@context":"https:\/\/schema.org","@graph":[{"@type":"WebPage","@id":"http:\/\/www.gruppovigano.com\/?page_id=21","url":"http:\/\/www.gruppovigano.com\/?page_id=21","name":"Contatti - Gruppo Vigan\u00f2","isPartOf":{"@id":"http:\/\/www.gruppovigano.com\/#website"},"datePublished":"2017-08-08T07:19:52+00:00","dateModified":"2018-07-20T15:39:33+00:00","breadcrumb":{"@id":"http:\/\/www.gruppovigano.com\/?page_id=21#breadcrumb"},"inLanguage":"it-IT","potentialAction":[{"@type":"ReadAction","target":["http:\/\/www.gruppovigano.com\/?page_id=21"]}]},{"@type":"BreadcrumbList","@id":"http:\/\/www.gruppovigano.com\/?page_id=21#breadcrumb","itemListElement":[{"@type":"ListItem","position":1,"name":"Home","item":"http:\/\/www.gruppovigano.com\/"},{"@type":"ListItem","position":2,"name":"Contatti"}]},{"@type":"WebSite","@id":"http:\/\/www.gruppovigano.com\/#website","url":"http:\/\/www.gruppovigano.com\/","name":"Gruppo Vigan\u00f2","description":"","potentialAction":[{"@type":"SearchAction","target":{"@type":"EntryPoint","urlTemplate":"http:\/\/www.gruppovigano.com\/?s={search_term_string}"},"query-input":"required name=search_term_string"}],"inLanguage":"it-IT"}]}},"_links":{"self":[{"href":"http:\/\/www.gruppovigano.com\/index.php?rest_route=\/wp\/v2\/pages\/21"}],"collection":[{"href":"http:\/\/www.gruppovigano.com\/index.php?rest_route=\/wp\/v2\/pages"}],"about":[{"href":"http:\/\/www.gruppovigano.com\/index.php?rest_route=\/wp\/v2\/types\/page"}],"author":[{"embeddable":true,"href":"http:\/\/www.gruppovigano.com\/index.php?rest_route=\/wp\/v2\/users\/1"}],"replies":[{"embeddable":true,"href":"http:\/\/www.gruppovigano.com\/index.php?rest_route=%2Fwp%2Fv2%2Fcomments&post=21"}],"version-history":[{"count":2,"href":"http:\/\/www.gruppovigano.com\/index.php?rest_route=\/wp\/v2\/pages\/21\/revisions"}],"predecessor-version":[{"id":291,"href":"http:\/\/www.gruppovigano.com\/index.php?rest_route=\/wp\/v2\/pages\/21\/revisions\/291"}],"wp:attachment":[{"href":"http:\/\/www.gruppovigano.com\/index.php?rest_route=%2Fwp%2Fv2%2Fmedia&parent=21"}],"curies":[{"name":"wp","href":"https:\/\/api.w.org\/{rel}","templated":true}]}}