{"id":27,"date":"2017-08-08T09:20:57","date_gmt":"2017-08-08T07:20:57","guid":{"rendered":"http:\/\/gruppovigano.rigagialla.it\/?page_id=27"},"modified":"2018-07-20T17:38:13","modified_gmt":"2018-07-20T15:38:13","slug":"sede","status":"publish","type":"page","link":"http:\/\/www.gruppovigano.com\/?page_id=27","title":{"rendered":"Sede"},"content":{"rendered":"<div id=\"pl-27\"  class=\"panel-layout\" ><div id=\"pg-27-0\"  class=\"panel-grid panel-no-style\" ><div id=\"pgc-27-0-0\"  class=\"panel-grid-cell\" ><div id=\"panel-27-0-0-0\" class=\"so-panel widget widget_sow-editor panel-first-child panel-last-child\" data-index=\"0\" ><div\n\t\t\t\n\t\t\tclass=\"so-widget-sow-editor so-widget-sow-editor-base\"\n\t\t\t\n\t\t>\n<div class=\"siteorigin-widget-tinymce textwidget\">\n\t<h3>Vigan\u00f2 Tutto Cantiere di Vigan\u00f2 Camillo Snc<\/h3>\n<p>Via degli Artigiani, 13 \u2013 23880 - Casatenovo (LC)<\/p>\n<\/div>\n<\/div><\/div><\/div><\/div><div id=\"pg-27-1\"  class=\"panel-grid panel-no-style\" ><div id=\"pgc-27-1-0\"  class=\"panel-grid-cell\" ><div id=\"panel-27-1-0-0\" class=\"so-panel widget widget_sow-editor panel-first-child panel-last-child\" data-index=\"1\" ><div\n\t\t\t\n\t\t\tclass=\"so-widget-sow-editor so-widget-sow-editor-base\"\n\t\t\t\n\t\t>\n<div class=\"siteorigin-widget-tinymce textwidget\">\n\t<p><iframe loading=\"lazy\" src=\"https:\/\/www.google.com\/maps\/embed?pb=!1m18!1m12!1m3!1d2787.462555918581!2d9.333734451484405!3d45.68168857900162!2m3!1f0!2f0!3f0!3m2!1i1024!2i768!4f13.1!3m3!1m2!1s0x4786a54fd32c457b%3A0x6d144103570f9cef!2sVigan%C3%B2+Tutto+Cantiere!5e0!3m2!1sit!2sit!4v1532100997127\" width=\"100%\" height=\"550\" frameborder=\"0\" style=\"border:0\" allowfullscreen><\/iframe><\/p>\n<\/div>\n<\/div><\/div><\/div><\/div><\/div>","protected":false},"excerpt":{"rendered":"<p>Vigan\u00f2 Tutto Cantiere di Vigan\u00f2 Camillo Snc Via degli Artigiani, 13 \u2013 23880 &#8211; Casatenovo (LC)<\/p>\n","protected":false},"author":1,"featured_media":0,"parent":0,"menu_order":0,"comment_status":"closed","ping_status":"closed","template":"","meta":{"_mi_skip_tracking":false},"yoast_head":"<!-- This site is optimized with the Yoast SEO plugin v19.13 - https:\/\/yoast.com\/wordpress\/plugins\/seo\/ -->\n<title>Sede - Gruppo Vigan\u00f2<\/title>\n<meta name=\"robots\" content=\"noindex, follow, max-snippet:-1, max-image-preview:large, max-video-preview:-1\" \/>\n<meta property=\"og:locale\" content=\"it_IT\" \/>\n<meta property=\"og:type\" content=\"article\" \/>\n<meta property=\"og:title\" content=\"Sede - Gruppo Vigan\u00f2\" \/>\n<meta property=\"og:description\" content=\"Vigan\u00f2 Tutto Cantiere di Vigan\u00f2 Camillo Snc Via degli Artigiani, 13 \u2013 23880 - Casatenovo (LC)\" \/>\n<meta property=\"og:url\" content=\"http:\/\/www.gruppovigano.com\/?page_id=27\" \/>\n<meta property=\"og:site_name\" content=\"Gruppo Vigan\u00f2\" \/>\n<meta property=\"article:modified_time\" content=\"2018-07-20T15:38:13+00:00\" \/>\n<meta name=\"twitter:card\" content=\"summary_large_image\" \/>\n<script type=\"application\/ld+json\" class=\"yoast-schema-graph\">{\"@context\":\"https:\/\/schema.org\",\"@graph\":[{\"@type\":\"WebPage\",\"@id\":\"http:\/\/www.gruppovigano.com\/?page_id=27\",\"url\":\"http:\/\/www.gruppovigano.com\/?page_id=27\",\"name\":\"Sede - Gruppo Vigan\u00f2\",\"isPartOf\":{\"@id\":\"http:\/\/www.gruppovigano.com\/#website\"},\"datePublished\":\"2017-08-08T07:20:57+00:00\",\"dateModified\":\"2018-07-20T15:38:13+00:00\",\"breadcrumb\":{\"@id\":\"http:\/\/www.gruppovigano.com\/?page_id=27#breadcrumb\"},\"inLanguage\":\"it-IT\",\"potentialAction\":[{\"@type\":\"ReadAction\",\"target\":[\"http:\/\/www.gruppovigano.com\/?page_id=27\"]}]},{\"@type\":\"BreadcrumbList\",\"@id\":\"http:\/\/www.gruppovigano.com\/?page_id=27#breadcrumb\",\"itemListElement\":[{\"@type\":\"ListItem\",\"position\":1,\"name\":\"Home\",\"item\":\"http:\/\/www.gruppovigano.com\/\"},{\"@type\":\"ListItem\",\"position\":2,\"name\":\"Sede\"}]},{\"@type\":\"WebSite\",\"@id\":\"http:\/\/www.gruppovigano.com\/#website\",\"url\":\"http:\/\/www.gruppovigano.com\/\",\"name\":\"Gruppo Vigan\u00f2\",\"description\":\"\",\"potentialAction\":[{\"@type\":\"SearchAction\",\"target\":{\"@type\":\"EntryPoint\",\"urlTemplate\":\"http:\/\/www.gruppovigano.com\/?s={search_term_string}\"},\"query-input\":\"required name=search_term_string\"}],\"inLanguage\":\"it-IT\"}]}<\/script>\n<!-- \/ Yoast SEO plugin. -->","yoast_head_json":{"title":"Sede - Gruppo Vigan\u00f2","robots":{"index":"noindex","follow":"follow","max-snippet":"max-snippet:-1","max-image-preview":"max-image-preview:large","max-video-preview":"max-video-preview:-1"},"og_locale":"it_IT","og_type":"article","og_title":"Sede - Gruppo Vigan\u00f2","og_description":"Vigan\u00f2 Tutto Cantiere di Vigan\u00f2 Camillo Snc Via degli Artigiani, 13 \u2013 23880 - Casatenovo (LC)","og_url":"http:\/\/www.gruppovigano.com\/?page_id=27","og_site_name":"Gruppo Vigan\u00f2","article_modified_time":"2018-07-20T15:38:13+00:00","twitter_card":"summary_large_image","schema":{"@context":"https:\/\/schema.org","@graph":[{"@type":"WebPage","@id":"http:\/\/www.gruppovigano.com\/?page_id=27","url":"http:\/\/www.gruppovigano.com\/?page_id=27","name":"Sede - Gruppo Vigan\u00f2","isPartOf":{"@id":"http:\/\/www.gruppovigano.com\/#website"},"datePublished":"2017-08-08T07:20:57+00:00","dateModified":"2018-07-20T15:38:13+00:00","breadcrumb":{"@id":"http:\/\/www.gruppovigano.com\/?page_id=27#breadcrumb"},"inLanguage":"it-IT","potentialAction":[{"@type":"ReadAction","target":["http:\/\/www.gruppovigano.com\/?page_id=27"]}]},{"@type":"BreadcrumbList","@id":"http:\/\/www.gruppovigano.com\/?page_id=27#breadcrumb","itemListElement":[{"@type":"ListItem","position":1,"name":"Home","item":"http:\/\/www.gruppovigano.com\/"},{"@type":"ListItem","position":2,"name":"Sede"}]},{"@type":"WebSite","@id":"http:\/\/www.gruppovigano.com\/#website","url":"http:\/\/www.gruppovigano.com\/","name":"Gruppo Vigan\u00f2","description":"","potentialAction":[{"@type":"SearchAction","target":{"@type":"EntryPoint","urlTemplate":"http:\/\/www.gruppovigano.com\/?s={search_term_string}"},"query-input":"required name=search_term_string"}],"inLanguage":"it-IT"}]}},"_links":{"self":[{"href":"http:\/\/www.gruppovigano.com\/index.php?rest_route=\/wp\/v2\/pages\/27"}],"collection":[{"href":"http:\/\/www.gruppovigano.com\/index.php?rest_route=\/wp\/v2\/pages"}],"about":[{"href":"http:\/\/www.gruppovigano.com\/index.php?rest_route=\/wp\/v2\/types\/page"}],"author":[{"embeddable":true,"href":"http:\/\/www.gruppovigano.com\/index.php?rest_route=\/wp\/v2\/users\/1"}],"replies":[{"embeddable":true,"href":"http:\/\/www.gruppovigano.com\/index.php?rest_route=%2Fwp%2Fv2%2Fcomments&post=27"}],"version-history":[{"count":12,"href":"http:\/\/www.gruppovigano.com\/index.php?rest_route=\/wp\/v2\/pages\/27\/revisions"}],"predecessor-version":[{"id":290,"href":"http:\/\/www.gruppovigano.com\/index.php?rest_route=\/wp\/v2\/pages\/27\/revisions\/290"}],"wp:attachment":[{"href":"http:\/\/www.gruppovigano.com\/index.php?rest_route=%2Fwp%2Fv2%2Fmedia&parent=27"}],"curies":[{"name":"wp","href":"https:\/\/api.w.org\/{rel}","templated":true}]}}