{"id":4,"date":"2017-08-04T17:58:44","date_gmt":"2017-08-04T15:58:44","guid":{"rendered":"http:\/\/gruppovigano.rigagialla.it\/?page_id=4"},"modified":"2018-09-11T14:44:25","modified_gmt":"2018-09-11T12:44:25","slug":"gruppo-vigano","status":"publish","type":"page","link":"http:\/\/www.gruppovigano.com\/","title":{"rendered":"Gruppo Vigan\u00f2"},"content":{"rendered":"<div id=\"pl-4\"  class=\"panel-layout\" ><div id=\"pg-4-0\"  class=\"panel-grid panel-no-style\" ><div id=\"pgc-4-0-0\"  class=\"panel-grid-cell\" ><div id=\"panel-4-0-0-0\" class=\"so-panel widget widget_sow-image panel-first-child\" data-index=\"0\" ><div\n\t\t\t\n\t\t\tclass=\"so-widget-sow-image so-widget-sow-image-default-d6014b76747a-4\"\n\t\t\t\n\t\t>\n\n<div class=\"sow-image-container\">\n\t\t<img src=\"http:\/\/www.gruppovigano.com\/wp-content\/uploads\/2017\/08\/tutto-cantiere.jpg\" width=\"600\" height=\"396\" srcset=\"http:\/\/www.gruppovigano.com\/wp-content\/uploads\/2017\/08\/tutto-cantiere.jpg 600w, http:\/\/www.gruppovigano.com\/wp-content\/uploads\/2017\/08\/tutto-cantiere-300x198.jpg 300w, http:\/\/www.gruppovigano.com\/wp-content\/uploads\/2017\/08\/tutto-cantiere-150x99.jpg 150w, http:\/\/www.gruppovigano.com\/wp-content\/uploads\/2017\/08\/tutto-cantiere-400x264.jpg 400w\" sizes=\"(max-width: 600px) 100vw, 600px\" alt=\"\" loading=\"lazy\" \t\tclass=\"so-widget-image\"\/>\n\t<\/div>\n\n<\/div><\/div><div id=\"panel-4-0-0-1\" class=\"so-panel widget widget_black-studio-tinymce widget_black_studio_tinymce\" data-index=\"1\" ><div class=\"textwidget\"><h2 style=\"text-align: center;\">Vigan\u00f2 <strong>Tutto Cantiere<\/strong><\/h2>\n<p style=\"text-align: center;\">Noleggio e vendita di Macchine Movimento Terra: macchine, accessori, ricambistica.<\/p>\n<\/div><\/div><div id=\"panel-4-0-0-2\" class=\"so-panel widget widget_sow-button panel-last-child\" data-index=\"2\" ><div class=\"panel-widget-style panel-widget-style-for-4-0-0-2\" ><div\n\t\t\t\n\t\t\tclass=\"so-widget-sow-button so-widget-sow-button-flat-2d8be063c35d-4\"\n\t\t\t\n\t\t><div class=\"ow-button-base ow-button-align-center\">\n\t<a\n\thref=\"\/?page_id=173\"\n\t\tclass=\"ow-icon-placement-left ow-button-hover\" \t>\n\t\t<span>\n\t\t\t\n\t\t\tScopri le nostre proposte\t\t<\/span>\n\t<\/a>\n<\/div>\n<\/div><\/div><\/div><\/div><div id=\"pgc-4-0-1\"  class=\"panel-grid-cell\" ><div id=\"panel-4-0-1-0\" class=\"so-panel widget widget_sow-image panel-first-child\" data-index=\"3\" ><div\n\t\t\t\n\t\t\tclass=\"so-widget-sow-image so-widget-sow-image-default-d6014b76747a-4\"\n\t\t\t\n\t\t>\n\n<div class=\"sow-image-container\">\n\t\t<img src=\"http:\/\/www.gruppovigano.com\/wp-content\/uploads\/2017\/08\/opere.jpg\" width=\"600\" height=\"396\" srcset=\"http:\/\/www.gruppovigano.com\/wp-content\/uploads\/2017\/08\/opere.jpg 600w, http:\/\/www.gruppovigano.com\/wp-content\/uploads\/2017\/08\/opere-300x198.jpg 300w, http:\/\/www.gruppovigano.com\/wp-content\/uploads\/2017\/08\/opere-150x99.jpg 150w, http:\/\/www.gruppovigano.com\/wp-content\/uploads\/2017\/08\/opere-400x264.jpg 400w\" sizes=\"(max-width: 600px) 100vw, 600px\" alt=\"\" loading=\"lazy\" \t\tclass=\"so-widget-image\"\/>\n\t<\/div>\n\n<\/div><\/div><div id=\"panel-4-0-1-1\" class=\"so-panel widget widget_black-studio-tinymce widget_black_studio_tinymce\" data-index=\"4\" ><div class=\"textwidget\"><h2 style=\"text-align: center;\">Vigan\u00f2 <strong>Opere<\/strong><\/h2>\n<p style=\"text-align: center;\">Opere idrauliche civili ed industriali, scavi, ripristini stradali,\u00a0 ispezioni, ricerche perdite ...<\/p>\n<\/div><\/div><div id=\"panel-4-0-1-2\" class=\"so-panel widget widget_sow-button panel-last-child\" data-index=\"5\" ><div class=\"panel-widget-style panel-widget-style-for-4-0-1-2\" ><div\n\t\t\t\n\t\t\tclass=\"so-widget-sow-button so-widget-sow-button-flat-2d8be063c35d-4\"\n\t\t\t\n\t\t><div class=\"ow-button-base ow-button-align-center\">\n\t<a\n\thref=\"http:\/\/www.gruppovigano.com\/?page_id=24\"\n\t\tclass=\"ow-icon-placement-left ow-button-hover\" \t>\n\t\t<span>\n\t\t\t\n\t\t\tScopri i nostri servizi\t\t<\/span>\n\t<\/a>\n<\/div>\n<\/div><\/div><\/div><\/div><div id=\"pgc-4-0-2\"  class=\"panel-grid-cell\" ><div id=\"panel-4-0-2-0\" class=\"so-panel widget widget_black-studio-tinymce widget_black_studio_tinymce panel-first-child panel-last-child\" data-index=\"6\" ><div class=\"panel-widget-style panel-widget-style-for-4-0-2-0\" ><div class=\"textwidget\"><h2 style=\"text-align: center;\">News e aggiornamenti<\/h2>\n<p>Siamo online con il nuovo sito web<\/p>\n<\/div><\/div><\/div><\/div><\/div><div id=\"pg-4-1\"  class=\"panel-grid panel-has-style\" ><div class=\"siteorigin-panels-stretch panel-row-style panel-row-style-for-4-1\" data-stretch-type=\"full\" ><div id=\"pgc-4-1-0\"  class=\"panel-grid-cell\" ><div id=\"panel-4-1-0-0\" class=\"so-panel widget widget_sow-editor panel-first-child panel-last-child\" data-index=\"7\" ><div\n\t\t\t\n\t\t\tclass=\"so-widget-sow-editor so-widget-sow-editor-base\"\n\t\t\t\n\t\t>\n<div class=\"siteorigin-widget-tinymce textwidget\">\n\t<h1 style=\"text-align: left;\">Gruppo Vigan\u00f2 snc<strong><br \/><\/strong><\/h1>\n<h2>La ditta impianti Termotecnici Vigan\u00f2 opera a Casatenovo (LC) dal 1980 <br \/>ed opera nel settore termoidraulico.<\/h2>\n<p>Ha sede in Via Madonnina, 12 \u2013 Casatenovo (LC) e dal 05\/11\/2013 ha aperto una sede secondaria in Via degli Artigiani, 13 sempre a Casatenovo (Lc) dove \u00e8 ubicata la sede amministrativa, lasciando la sede storica di Via San Gaetano. Iscritta nel registro delle Imprese di Lecco dal 19\/02\/1996 ed al Repertorio Economico Amministrativo 170340 dal 15\/05\/1980 avente per oggetto sociale \u201cInstallazione di impianti Termici, industriali e civili, esecuzione di scavi, sbancamenti e costruzione di acquedotti, gasdotti, di impianti antincendio, nonch\u00e9 costruzione di macchinari civili, industriali, mediante assemblaggio, lavorazione di metalli e leghe speciali in genere connesse con l\u2019attivit\u00e0 sociale e la vendita del relativo materiale\u201d<br \/> E\u2019 un\u2019azienda artigiana che conta 10 dipendenti e possiede al suo interno un\u2019officina per lavori di carpenteria media e leggera. Ha collaborato e collabora da anni con <strong>diversi enti pubblici<\/strong> tra cui Idroservice, Amiacque, Brianzacque e Egea, oltre che con Comuni limitrofi alla ns. sede, come il Comune di Casatenovo, Carnate, Besana in Brianza. E\u2019 iscritta nei relativi albi come fornitore accreditato.<\/p>\n<\/div>\n<\/div><\/div><\/div><\/div><\/div><div id=\"pg-4-2\"  class=\"panel-grid panel-has-style\" ><div class=\"siteorigin-panels-stretch panel-row-style panel-row-style-for-4-2\" data-stretch-type=\"full\" ><div id=\"pgc-4-2-0\"  class=\"panel-grid-cell\" ><div id=\"panel-4-2-0-0\" class=\"so-panel widget widget_black-studio-tinymce widget_black_studio_tinymce panel-first-child panel-last-child\" data-index=\"8\" ><div class=\"panel-widget-style panel-widget-style-for-4-2-0-0\" ><div class=\"textwidget\"><p><iframe style=\"border: 0;\" src=\"https:\/\/www.google.com\/maps\/embed?pb=!1m18!1m12!1m3!1d2787.6831024400794!2d9.331192950890088!3d45.67726172711998!2m3!1f0!2f0!3f0!3m2!1i1024!2i768!4f13.1!3m3!1m2!1s0x4786a54da100d73b%3A0xc066916ebfa2ebd7!2sVia+Madonnina%2C+12%2C+23880+Casatenovo+LC!5e0!3m2!1sit!2sit!4v1502182631544\" width=\"100%\" height=\"350\" frameborder=\"0\" allowfullscreen=\"allowfullscreen\"><\/iframe><\/p>\n<\/div><\/div><\/div><\/div><\/div><\/div><\/div>","protected":false},"excerpt":{"rendered":"<p>Vigan\u00f2 Tutto CantiereNoleggio e vendita di Macchine Movimento Terra: macchine, accessori, ricambistica. Vigan\u00f2 OpereOpere idrauliche civili ed industriali, scavi, ripristini stradali,\u00a0 ispezioni, ricerche perdite &#8230; News e aggiornamenti Siamo online con il nuovo sito web Gruppo Vigan\u00f2 snc La ditta impianti Termotecnici Vigan\u00f2 opera a Casatenovo (LC) dal 1980 ed opera nel settore termoidraulico. Ha&hellip;<\/p>\n","protected":false},"author":1,"featured_media":0,"parent":0,"menu_order":0,"comment_status":"closed","ping_status":"closed","template":"","meta":{"_mi_skip_tracking":false},"yoast_head":"<!-- This site is optimized with the Yoast SEO plugin v19.13 - https:\/\/yoast.com\/wordpress\/plugins\/seo\/ -->\n<title>Gruppo Vigan\u00f2 - Gruppo Vigan\u00f2<\/title>\n<meta name=\"robots\" content=\"noindex, follow, max-snippet:-1, max-image-preview:large, max-video-preview:-1\" \/>\n<meta property=\"og:locale\" content=\"it_IT\" \/>\n<meta property=\"og:type\" content=\"article\" \/>\n<meta property=\"og:title\" content=\"Gruppo Vigan\u00f2 - Gruppo Vigan\u00f2\" \/>\n<meta property=\"og:description\" content=\"Vigan\u00f2 Tutto CantiereNoleggio e vendita di Macchine Movimento Terra: macchine, accessori, ricambistica. Vigan\u00f2 OpereOpere idrauliche civili ed industriali, scavi, ripristini stradali,\u00a0 ispezioni, ricerche perdite ... News e aggiornamenti Siamo online con il nuovo sito web Gruppo Vigan\u00f2 snc La ditta impianti Termotecnici Vigan\u00f2 opera a Casatenovo (LC) dal 1980 ed opera nel settore termoidraulico. Ha&hellip;\" \/>\n<meta property=\"og:url\" content=\"http:\/\/www.gruppovigano.com\/\" \/>\n<meta property=\"og:site_name\" content=\"Gruppo Vigan\u00f2\" \/>\n<meta property=\"article:modified_time\" content=\"2018-09-11T12:44:25+00:00\" \/>\n<meta name=\"twitter:card\" content=\"summary_large_image\" \/>\n<meta name=\"twitter:label1\" content=\"Tempo di lettura stimato\" \/>\n\t<meta name=\"twitter:data1\" content=\"1 minuto\" \/>\n<script type=\"application\/ld+json\" class=\"yoast-schema-graph\">{\"@context\":\"https:\/\/schema.org\",\"@graph\":[{\"@type\":\"WebPage\",\"@id\":\"http:\/\/www.gruppovigano.com\/\",\"url\":\"http:\/\/www.gruppovigano.com\/\",\"name\":\"Gruppo Vigan\u00f2 - Gruppo Vigan\u00f2\",\"isPartOf\":{\"@id\":\"http:\/\/www.gruppovigano.com\/#website\"},\"datePublished\":\"2017-08-04T15:58:44+00:00\",\"dateModified\":\"2018-09-11T12:44:25+00:00\",\"breadcrumb\":{\"@id\":\"http:\/\/www.gruppovigano.com\/#breadcrumb\"},\"inLanguage\":\"it-IT\",\"potentialAction\":[{\"@type\":\"ReadAction\",\"target\":[\"http:\/\/www.gruppovigano.com\/\"]}]},{\"@type\":\"BreadcrumbList\",\"@id\":\"http:\/\/www.gruppovigano.com\/#breadcrumb\",\"itemListElement\":[{\"@type\":\"ListItem\",\"position\":1,\"name\":\"Home\",\"item\":\"http:\/\/www.gruppovigano.com\/\"},{\"@type\":\"ListItem\",\"position\":2,\"name\":\"Gruppo Vigan\u00f2\"}]},{\"@type\":\"WebSite\",\"@id\":\"http:\/\/www.gruppovigano.com\/#website\",\"url\":\"http:\/\/www.gruppovigano.com\/\",\"name\":\"Gruppo Vigan\u00f2\",\"description\":\"\",\"potentialAction\":[{\"@type\":\"SearchAction\",\"target\":{\"@type\":\"EntryPoint\",\"urlTemplate\":\"http:\/\/www.gruppovigano.com\/?s={search_term_string}\"},\"query-input\":\"required name=search_term_string\"}],\"inLanguage\":\"it-IT\"}]}<\/script>\n<!-- \/ Yoast SEO plugin. -->","yoast_head_json":{"title":"Gruppo Vigan\u00f2 - Gruppo Vigan\u00f2","robots":{"index":"noindex","follow":"follow","max-snippet":"max-snippet:-1","max-image-preview":"max-image-preview:large","max-video-preview":"max-video-preview:-1"},"og_locale":"it_IT","og_type":"article","og_title":"Gruppo Vigan\u00f2 - Gruppo Vigan\u00f2","og_description":"Vigan\u00f2 Tutto CantiereNoleggio e vendita di Macchine Movimento Terra: macchine, accessori, ricambistica. Vigan\u00f2 OpereOpere idrauliche civili ed industriali, scavi, ripristini stradali,\u00a0 ispezioni, ricerche perdite ... News e aggiornamenti Siamo online con il nuovo sito web Gruppo Vigan\u00f2 snc La ditta impianti Termotecnici Vigan\u00f2 opera a Casatenovo (LC) dal 1980 ed opera nel settore termoidraulico. Ha&hellip;","og_url":"http:\/\/www.gruppovigano.com\/","og_site_name":"Gruppo Vigan\u00f2","article_modified_time":"2018-09-11T12:44:25+00:00","twitter_card":"summary_large_image","twitter_misc":{"Tempo di lettura stimato":"1 minuto"},"schema":{"@context":"https:\/\/schema.org","@graph":[{"@type":"WebPage","@id":"http:\/\/www.gruppovigano.com\/","url":"http:\/\/www.gruppovigano.com\/","name":"Gruppo Vigan\u00f2 - Gruppo Vigan\u00f2","isPartOf":{"@id":"http:\/\/www.gruppovigano.com\/#website"},"datePublished":"2017-08-04T15:58:44+00:00","dateModified":"2018-09-11T12:44:25+00:00","breadcrumb":{"@id":"http:\/\/www.gruppovigano.com\/#breadcrumb"},"inLanguage":"it-IT","potentialAction":[{"@type":"ReadAction","target":["http:\/\/www.gruppovigano.com\/"]}]},{"@type":"BreadcrumbList","@id":"http:\/\/www.gruppovigano.com\/#breadcrumb","itemListElement":[{"@type":"ListItem","position":1,"name":"Home","item":"http:\/\/www.gruppovigano.com\/"},{"@type":"ListItem","position":2,"name":"Gruppo Vigan\u00f2"}]},{"@type":"WebSite","@id":"http:\/\/www.gruppovigano.com\/#website","url":"http:\/\/www.gruppovigano.com\/","name":"Gruppo Vigan\u00f2","description":"","potentialAction":[{"@type":"SearchAction","target":{"@type":"EntryPoint","urlTemplate":"http:\/\/www.gruppovigano.com\/?s={search_term_string}"},"query-input":"required name=search_term_string"}],"inLanguage":"it-IT"}]}},"_links":{"self":[{"href":"http:\/\/www.gruppovigano.com\/index.php?rest_route=\/wp\/v2\/pages\/4"}],"collection":[{"href":"http:\/\/www.gruppovigano.com\/index.php?rest_route=\/wp\/v2\/pages"}],"about":[{"href":"http:\/\/www.gruppovigano.com\/index.php?rest_route=\/wp\/v2\/types\/page"}],"author":[{"embeddable":true,"href":"http:\/\/www.gruppovigano.com\/index.php?rest_route=\/wp\/v2\/users\/1"}],"replies":[{"embeddable":true,"href":"http:\/\/www.gruppovigano.com\/index.php?rest_route=%2Fwp%2Fv2%2Fcomments&post=4"}],"version-history":[{"count":109,"href":"http:\/\/www.gruppovigano.com\/index.php?rest_route=\/wp\/v2\/pages\/4\/revisions"}],"predecessor-version":[{"id":298,"href":"http:\/\/www.gruppovigano.com\/index.php?rest_route=\/wp\/v2\/pages\/4\/revisions\/298"}],"wp:attachment":[{"href":"http:\/\/www.gruppovigano.com\/index.php?rest_route=%2Fwp%2Fv2%2Fmedia&parent=4"}],"curies":[{"name":"wp","href":"https:\/\/api.w.org\/{rel}","templated":true}]}}